{"id":253,"date":"2020-01-08T07:25:52","date_gmt":"2020-01-08T07:25:52","guid":{"rendered":"http:\/\/www.nowa.gops-lniano.pl\/test\/?page_id=253"},"modified":"2020-01-08T07:25:52","modified_gmt":"2020-01-08T07:25:52","slug":"edycja-2008","status":"publish","type":"page","link":"https:\/\/gops-lniano.pl\/index.php\/edycja-2008\/","title":{"rendered":"Edycja 2008"},"content":{"rendered":"\n\t\t\t\t\n<p>\nW 2008 roku Gminny O\u015brodek Pomocy Spo\u0142ecznej po raz pierwszy przyst\u0105pi\u0142 \ndo realizacji projektu systemowego pn. \u201eB\u0105d\u017a aktywnym\u201d \nwsp\u00f3\u0142finansowanego z Unii Europejskiej ze \u015brodk\u00f3w Europejskiego Funduszu\n Spo\u0142ecznego. Wsparciem zosta\u0142o obj\u0119tych 15 os\u00f3b bezrobotnych \nzameldowanych w gminie Lniano. Projekt by\u0142 realizowany od czerwca do \ngrudnia 2008. Uczestnicy projektu mogli skorzysta\u0107 z nast\u0119puj\u0105cych \nkurs\u00f3w i szkole\u0144: kurs sprzedawcy, obs\u0142ugi kasy fiskalnej, kurs \nkomputerowy, kurs cukiernika, kurs opiekunki nad osobami starszymi i \nprzewlekle starszymi. Odbywa\u0142y si\u0119 r\u00f3wnie\u017c warsztaty: kompetencji \nspo\u0142ecznych i radzenia sobie w poszukiwaniu pracy.\n\n<\/p>\n\t\t","protected":false},"excerpt":{"rendered":"<p>W 2008 roku Gminny O\u015brodek Pomocy Spo\u0142ecznej po raz pierwszy przyst\u0105pi\u0142 do realizacji projektu systemowego pn. \u201eB\u0105d\u017a aktywnym\u201d wsp\u00f3\u0142finansowanego z Unii Europejskiej ze \u015brodk\u00f3w Europejskiego Funduszu Spo\u0142ecznego. Wsparciem zosta\u0142o obj\u0119tych 15 os\u00f3b bezrobotnych zameldowanych w gminie Lniano. Projekt by\u0142 realizowany od czerwca do grudnia 2008. Uczestnicy projektu mogli skorzysta\u0107 z nast\u0119puj\u0105cych kurs\u00f3w i szkole\u0144: kurs [&hellip;]<\/p>\n","protected":false},"author":2,"featured_media":0,"parent":0,"menu_order":0,"comment_status":"closed","ping_status":"closed","template":"","meta":{"ngg_post_thumbnail":0},"_links":{"self":[{"href":"https:\/\/gops-lniano.pl\/index.php\/wp-json\/wp\/v2\/pages\/253"}],"collection":[{"href":"https:\/\/gops-lniano.pl\/index.php\/wp-json\/wp\/v2\/pages"}],"about":[{"href":"https:\/\/gops-lniano.pl\/index.php\/wp-json\/wp\/v2\/types\/page"}],"author":[{"embeddable":true,"href":"https:\/\/gops-lniano.pl\/index.php\/wp-json\/wp\/v2\/users\/2"}],"replies":[{"embeddable":true,"href":"https:\/\/gops-lniano.pl\/index.php\/wp-json\/wp\/v2\/comments?post=253"}],"version-history":[{"count":0,"href":"https:\/\/gops-lniano.pl\/index.php\/wp-json\/wp\/v2\/pages\/253\/revisions"}],"wp:attachment":[{"href":"https:\/\/gops-lniano.pl\/index.php\/wp-json\/wp\/v2\/media?parent=253"}],"curies":[{"name":"wp","href":"https:\/\/api.w.org\/{rel}","templated":true}]}}