{"id":255,"date":"2020-01-08T07:25:52","date_gmt":"2020-01-08T07:25:52","guid":{"rendered":"http:\/\/www.nowa.gops-lniano.pl\/test\/?page_id=255"},"modified":"2020-01-08T07:25:52","modified_gmt":"2020-01-08T07:25:52","slug":"edycja-2009","status":"publish","type":"page","link":"https:\/\/gops-lniano.pl\/index.php\/edycja-2009\/","title":{"rendered":"Edycja 2009"},"content":{"rendered":"\n\t\t\t\t\n<p> W 2009 roku Gminny O\u015brodek Pomocy Spo\u0142ecznej nadal kontynuowa\u0142 projekt  \u201eB\u0105d\u017a aktywnym\u201d. Realizacja projektu trwa\u0142a od 1 czerwca do 30  listopada. Wsparciem zosta\u0142o obj\u0119tych 10 os\u00f3b niepe\u0142nosprawnych  upo\u015bledzonych umys\u0142owo i zaburzonych psychicznie zamieszka\u0142ych i  zameldowanych w gminie Lniano, korzystaj\u0105cych z pomocy tut. O\u015brodka.  Celem projektu by\u0142o funkcjonowanie Klubu wsparcia spo\u0142ecznego dla os\u00f3b  niepe\u0142nosprawnych, kt\u00f3rego zaj\u0119cia odbywa\u0142y si\u0119 w \u015bwietlicy wiejskiej w  J\u0119drzejewie. W ramach dzia\u0142ania Klubu BO mogli skorzysta\u0107 z terapii  zaj\u0119ciowej np. muzykoterapii i warsztat\u00f3w manualnych, kucharzenia, zaj\u0119\u0107  z komputerem, spotka\u0144 z psychologiem. Zaj\u0119ciom towarzyszy\u0142y gry i  zabawowy integruj\u0105ce uczestnik\u00f3w. Ponadto podwykonawca zorganizowa\u0142  kilka wycieczek dla uczestnik\u00f3w \u201eB\u0105d\u017a aktywnym\u201d m.in. do My\u015bl\u0119cinka w  Bydgoszczy, Fojutowa, Malborka i Gda\u0144ska. Zar\u00f3wno wycieczki jak i  zaj\u0119cia w \u015bwietlicy cieszy\u0142y si\u0119 wielkim powodzeniem.\u00a0 Klub wsparcia  spo\u0142ecznego dostarczy\u0142 wiele osobistej rado\u015bci, wzbudzi\u0142 wiele  pozytywnych emocji, a tak\u017ce rozwin\u0105\u0142 stref\u0119 poznawcz\u0105 i edukacyjn\u0105 w\u015br\u00f3d  uczestnik\u00f3w projektu systemowego pn.\u201eB\u0105d\u017a aktywnym\u201d.<\/p>\n\n\n\n<p><a href=\"https:\/\/pomorska.pl\/niepelnosprawnym-umyslowo-z-gminy-lniano-spodobaly-sie-zajecia-w-jedrzejewie\/ar\/7088275\">https:\/\/pomorska.pl\/niepelnosprawnym-umyslowo-z-gminy-lniano-spodobaly-sie-zajecia-w-jedrzejewie\/ar\/7088275<\/a><\/p>\n\t\t","protected":false},"excerpt":{"rendered":"<p>W 2009 roku Gminny O\u015brodek Pomocy Spo\u0142ecznej nadal kontynuowa\u0142 projekt \u201eB\u0105d\u017a aktywnym\u201d. Realizacja projektu trwa\u0142a od 1 czerwca do 30 listopada. Wsparciem zosta\u0142o obj\u0119tych 10 os\u00f3b niepe\u0142nosprawnych upo\u015bledzonych umys\u0142owo i zaburzonych psychicznie zamieszka\u0142ych i zameldowanych w gminie Lniano, korzystaj\u0105cych z pomocy tut. O\u015brodka. Celem projektu by\u0142o funkcjonowanie Klubu wsparcia spo\u0142ecznego dla os\u00f3b niepe\u0142nosprawnych, kt\u00f3rego zaj\u0119cia [&hellip;]<\/p>\n","protected":false},"author":2,"featured_media":0,"parent":0,"menu_order":0,"comment_status":"closed","ping_status":"closed","template":"","meta":{"ngg_post_thumbnail":0},"_links":{"self":[{"href":"https:\/\/gops-lniano.pl\/index.php\/wp-json\/wp\/v2\/pages\/255"}],"collection":[{"href":"https:\/\/gops-lniano.pl\/index.php\/wp-json\/wp\/v2\/pages"}],"about":[{"href":"https:\/\/gops-lniano.pl\/index.php\/wp-json\/wp\/v2\/types\/page"}],"author":[{"embeddable":true,"href":"https:\/\/gops-lniano.pl\/index.php\/wp-json\/wp\/v2\/users\/2"}],"replies":[{"embeddable":true,"href":"https:\/\/gops-lniano.pl\/index.php\/wp-json\/wp\/v2\/comments?post=255"}],"version-history":[{"count":0,"href":"https:\/\/gops-lniano.pl\/index.php\/wp-json\/wp\/v2\/pages\/255\/revisions"}],"wp:attachment":[{"href":"https:\/\/gops-lniano.pl\/index.php\/wp-json\/wp\/v2\/media?parent=255"}],"curies":[{"name":"wp","href":"https:\/\/api.w.org\/{rel}","templated":true}]}}