{"id":258,"date":"2020-01-08T07:25:52","date_gmt":"2020-01-08T07:25:52","guid":{"rendered":"http:\/\/www.nowa.gops-lniano.pl\/test\/?page_id=258"},"modified":"2020-01-08T07:25:52","modified_gmt":"2020-01-08T07:25:52","slug":"edycja-2012","status":"publish","type":"page","link":"https:\/\/gops-lniano.pl\/index.php\/edycja-2012\/","title":{"rendered":"Edycja 2012"},"content":{"rendered":"\n\t\t\t\t\n<p>\nGminny O\u015brodek Pomocy Spo\u0142ecznej w Lnianie w 2012 r. po raz 5 realizuje projekt systemowy pn. \u201eB\u0105d\u017a aktywnym\u201d.<br>\n Projekt systemowy realizowany jest w ramach Programu Operacyjnego \nKapita\u0142 Ludzki, Priorytet VII, Dzia\u0142anie 7.1, Poddzia\u0142anie 7.1.1 Rozw\u00f3j i\n upowszechnianie aktywnej integracji&nbsp; przez o\u015brodki pomocy spo\u0142ecznej. <\/p>\n\n\n\n<p>Projekt\n wsp\u00f3\u0142finansowany jest ze \u015brodk\u00f3w Europejskiego Funduszu Spo\u0142ecznego \noraz ze \u015brodk\u00f3w gminnych, a skierowany&nbsp; jest przede wszystkim&nbsp; do os\u00f3b \nbezrobotnych i niepe\u0142nosprawnych, korzystaj\u0105cych z pomocy spo\u0142ecznej, \nzamieszka\u0142ych w gminie Lniano. Celem g\u0142\u00f3wnym projektu jest ograniczenie \nzjawiska wykluczenia spo\u0142ecznego poprzez&nbsp; aktywizacj\u0119 spo\u0142eczn\u0105 i \nzawodow\u0105 21 os\u00f3b w 2012 r. 23 os\u00f3b w 2013 r. Realizacja dzia\u0142a\u0144 jest \nzaplanowana na lata 2012-2013. W roku bie\u017c\u0105cym do projektu przyst\u0105pi\u0142o \n21 uczestnik\u00f3w: 7 os\u00f3b posiadaj\u0105cych stopie\u0144 niepe\u0142nosprawno\u015bci, 2 os\u00f3b \npracuj\u0105cych oraz 12 os\u00f3b bezrobotnych. Zosta\u0142o zawartych 14 kontrakt\u00f3w \nsocjalnych oraz 7 um\u00f3w Programu Aktywno\u015bci Lokalnej. Uczestnicy bior\u0105 \nudzia\u0142 w zaj\u0119ciach doradztwa zawodowego, terapii psychologicznej, \ntreningu kompetencji,&nbsp; kursie dobrego rodzica, samoobrony, warsztatach \ndla diabetyk\u00f3w&nbsp; oraz w kursach zawodowych, takich jak: \nkoparko-\u0142adowarka, w\u00f3zki wid\u0142owe, w\u00f3zki wid\u0142owe z obs\u0142ug\u0105 magazynu, \nprawo jazdy kat. B, obs\u0142uga kas fiskalnych.&nbsp; Podwykonawcy prowadz\u0105cy&nbsp; \nszkolenia&nbsp; zawodowe zostali wy\u0142onieni zgodnie z Prawem Zam\u00f3wie\u0144 \nPublicznych. Dzi\u0119ki \u015brodkom unijnym zosta\u0142 zatrudniony trzeci pracownik \nsocjalny, kt\u00f3remu przydzielono teren opieku\u0144czy&nbsp; z bezpo\u015bredni\u0105 \nmo\u017cliwo\u015bci\u0105&nbsp; realizacji projektu systemowego.\n\n<\/p>\n\t\t","protected":false},"excerpt":{"rendered":"<p>Gminny O\u015brodek Pomocy Spo\u0142ecznej w Lnianie w 2012 r. po raz 5 realizuje projekt systemowy pn. \u201eB\u0105d\u017a aktywnym\u201d. Projekt systemowy realizowany jest w ramach Programu Operacyjnego Kapita\u0142 Ludzki, Priorytet VII, Dzia\u0142anie 7.1, Poddzia\u0142anie 7.1.1 Rozw\u00f3j i upowszechnianie aktywnej integracji&nbsp; przez o\u015brodki pomocy spo\u0142ecznej. Projekt wsp\u00f3\u0142finansowany jest ze \u015brodk\u00f3w Europejskiego Funduszu Spo\u0142ecznego oraz ze \u015brodk\u00f3w gminnych, [&hellip;]<\/p>\n","protected":false},"author":2,"featured_media":0,"parent":0,"menu_order":0,"comment_status":"closed","ping_status":"closed","template":"","meta":{"ngg_post_thumbnail":0},"_links":{"self":[{"href":"https:\/\/gops-lniano.pl\/index.php\/wp-json\/wp\/v2\/pages\/258"}],"collection":[{"href":"https:\/\/gops-lniano.pl\/index.php\/wp-json\/wp\/v2\/pages"}],"about":[{"href":"https:\/\/gops-lniano.pl\/index.php\/wp-json\/wp\/v2\/types\/page"}],"author":[{"embeddable":true,"href":"https:\/\/gops-lniano.pl\/index.php\/wp-json\/wp\/v2\/users\/2"}],"replies":[{"embeddable":true,"href":"https:\/\/gops-lniano.pl\/index.php\/wp-json\/wp\/v2\/comments?post=258"}],"version-history":[{"count":0,"href":"https:\/\/gops-lniano.pl\/index.php\/wp-json\/wp\/v2\/pages\/258\/revisions"}],"wp:attachment":[{"href":"https:\/\/gops-lniano.pl\/index.php\/wp-json\/wp\/v2\/media?parent=258"}],"curies":[{"name":"wp","href":"https:\/\/api.w.org\/{rel}","templated":true}]}}