{"id":261,"date":"2020-01-08T07:25:52","date_gmt":"2020-01-08T07:25:52","guid":{"rendered":"http:\/\/www.nowa.gops-lniano.pl\/test\/?page_id=261"},"modified":"2020-01-08T07:25:52","modified_gmt":"2020-01-08T07:25:52","slug":"kursy-i-szkolenia-badz-aktywnym","status":"publish","type":"page","link":"https:\/\/gops-lniano.pl\/index.php\/kursy-i-szkolenia-badz-aktywnym\/","title":{"rendered":"Kursy i szkolenia &#8211; &#8222;B\u0105d\u017a aktywnym&#8221;"},"content":{"rendered":"\n\t\t\t\t\n<p>\nGminny O\u015brodek Pomocy Spo\u0142ecznej w Lnianie po raz trzeci realizuje \nprojekt systemowy wsp\u00f3\u0142finansowany z EFS pn. \u201eB\u0105d\u017a aktywnym\u201d. Od maja \n2011 r. wsparciem zosta\u0142o obj\u0119tych 27 os\u00f3b (bezrobotnych oraz \nniepe\u0142nosprawnych) z gminy Lniano. W ramach dofinansowania z UE Gminny \nO\u015brodek Pomocy Spo\u0142ecznej w Lnianie zorganizowa\u0142 szereg kurs\u00f3w i szkole\u0144\n m.in.: asystent osoby niepe\u0142nosprawnej, prawo jazdy kat. B, C i E, kurs\n koparko-\u0142adowarki, kurs na HDS, czy monter instalacji gazowej. W ramach\n tego przedsi\u0119wzi\u0119cia beneficjenci uczestniczyli r\u00f3wnie\u017c w zaj\u0119ciach z \ndoradztwa zawodowego, treningu kompetencji spo\u0142ecznych czy wsparcia \npsychologicznego, kt\u00f3ry odbywa\u0142y si\u0119 w \u015bwietlicy wiejskiej w \nJ\u0119drzejewie.\n\n<\/p>\n\t\t","protected":false},"excerpt":{"rendered":"<p>Gminny O\u015brodek Pomocy Spo\u0142ecznej w Lnianie po raz trzeci realizuje projekt systemowy wsp\u00f3\u0142finansowany z EFS pn. \u201eB\u0105d\u017a aktywnym\u201d. Od maja 2011 r. wsparciem zosta\u0142o obj\u0119tych 27 os\u00f3b (bezrobotnych oraz niepe\u0142nosprawnych) z gminy Lniano. W ramach dofinansowania z UE Gminny O\u015brodek Pomocy Spo\u0142ecznej w Lnianie zorganizowa\u0142 szereg kurs\u00f3w i szkole\u0144 m.in.: asystent osoby niepe\u0142nosprawnej, prawo jazdy [&hellip;]<\/p>\n","protected":false},"author":2,"featured_media":0,"parent":0,"menu_order":0,"comment_status":"closed","ping_status":"closed","template":"","meta":{"ngg_post_thumbnail":0},"_links":{"self":[{"href":"https:\/\/gops-lniano.pl\/index.php\/wp-json\/wp\/v2\/pages\/261"}],"collection":[{"href":"https:\/\/gops-lniano.pl\/index.php\/wp-json\/wp\/v2\/pages"}],"about":[{"href":"https:\/\/gops-lniano.pl\/index.php\/wp-json\/wp\/v2\/types\/page"}],"author":[{"embeddable":true,"href":"https:\/\/gops-lniano.pl\/index.php\/wp-json\/wp\/v2\/users\/2"}],"replies":[{"embeddable":true,"href":"https:\/\/gops-lniano.pl\/index.php\/wp-json\/wp\/v2\/comments?post=261"}],"version-history":[{"count":0,"href":"https:\/\/gops-lniano.pl\/index.php\/wp-json\/wp\/v2\/pages\/261\/revisions"}],"wp:attachment":[{"href":"https:\/\/gops-lniano.pl\/index.php\/wp-json\/wp\/v2\/media?parent=261"}],"curies":[{"name":"wp","href":"https:\/\/api.w.org\/{rel}","templated":true}]}}