{"id":262,"date":"2020-01-08T07:25:52","date_gmt":"2020-01-08T07:25:52","guid":{"rendered":"http:\/\/www.nowa.gops-lniano.pl\/test\/?page_id=262"},"modified":"2020-01-08T07:25:52","modified_gmt":"2020-01-08T07:25:52","slug":"konferencja-promujaca-projekt-badz-aktywnym","status":"publish","type":"page","link":"https:\/\/gops-lniano.pl\/index.php\/konferencja-promujaca-projekt-badz-aktywnym\/","title":{"rendered":"Konferencja promuj\u0105ca Projekt &#8211; &#8222;B\u0105d\u017a aktywnym&#8221;"},"content":{"rendered":"\n\t\t\t\t\n<p>\nW ramach projektu systemowego \u201eB\u0105d\u017a aktywnym\u201d Gminny O\u015brodek Pomocy \nSpo\u0142ecznej w Lnianie zorganizowa\u0142 konferencj\u0119 promuj\u0105c\u0105 projekt \u201eB\u0105d\u017a \naktywnym\u201d. Konferencja wraz z pocz\u0119stunkiem kawowym odby\u0142a si\u0119 20 lipca \nb.r. o godz. 15.15 w Sali obrad UG w Lnianie. Na spotkanie przyby\u0142o 32 \nzaproszonych go\u015bci, w tym uczestnicy projektu, so\u0142tysi, radni oraz \npracownicy GOPS i UG w Lnianie. Go\u015bciem specjalnym by\u0142a Pani Ewa \nPierucka &#8211; doradca EFS. Pani Ewa om\u00f3wi\u0142a, czym jest Europejski Fundusz \nSpo\u0142eczny, przedstawi\u0142a charakterystyk\u0119 poszczeg\u00f3lnych priorytet\u00f3w z \nPOKL, om\u00f3wi\u0142a cel i zakres zada\u0144 w ramach poszczeg\u00f3lnych dzia\u0142a\u0144 UE.&nbsp; Po\n wyst\u0105pieniu doradcy nast\u0105pi\u0142a kr\u00f3tka aczkolwiek bardzo interesuj\u0105ca i \nciekawa dyskusja na temat pozyskiwania \u015brodk\u00f3w unijnych, tworzenia \nprojekt\u00f3w systemowych, konkursowych oraz innowacyjnych. Podsumowuj\u0105c, \nkonferencja dostarczy\u0142a wszystkich uczestnikom spotkania nowych i \nniezwykle wa\u017cnych informacji na temat EFS oraz wiadomo\u015bci na temat \npozyskiwania funduszy z UE.\n\n<\/p>\n\t\t","protected":false},"excerpt":{"rendered":"<p>W ramach projektu systemowego \u201eB\u0105d\u017a aktywnym\u201d Gminny O\u015brodek Pomocy Spo\u0142ecznej w Lnianie zorganizowa\u0142 konferencj\u0119 promuj\u0105c\u0105 projekt \u201eB\u0105d\u017a aktywnym\u201d. Konferencja wraz z pocz\u0119stunkiem kawowym odby\u0142a si\u0119 20 lipca b.r. o godz. 15.15 w Sali obrad UG w Lnianie. Na spotkanie przyby\u0142o 32 zaproszonych go\u015bci, w tym uczestnicy projektu, so\u0142tysi, radni oraz pracownicy GOPS i UG w [&hellip;]<\/p>\n","protected":false},"author":2,"featured_media":0,"parent":0,"menu_order":0,"comment_status":"closed","ping_status":"closed","template":"","meta":{"ngg_post_thumbnail":0},"_links":{"self":[{"href":"https:\/\/gops-lniano.pl\/index.php\/wp-json\/wp\/v2\/pages\/262"}],"collection":[{"href":"https:\/\/gops-lniano.pl\/index.php\/wp-json\/wp\/v2\/pages"}],"about":[{"href":"https:\/\/gops-lniano.pl\/index.php\/wp-json\/wp\/v2\/types\/page"}],"author":[{"embeddable":true,"href":"https:\/\/gops-lniano.pl\/index.php\/wp-json\/wp\/v2\/users\/2"}],"replies":[{"embeddable":true,"href":"https:\/\/gops-lniano.pl\/index.php\/wp-json\/wp\/v2\/comments?post=262"}],"version-history":[{"count":0,"href":"https:\/\/gops-lniano.pl\/index.php\/wp-json\/wp\/v2\/pages\/262\/revisions"}],"wp:attachment":[{"href":"https:\/\/gops-lniano.pl\/index.php\/wp-json\/wp\/v2\/media?parent=262"}],"curies":[{"name":"wp","href":"https:\/\/api.w.org\/{rel}","templated":true}]}}