{"id":264,"date":"2020-01-08T07:25:52","date_gmt":"2020-01-08T07:25:52","guid":{"rendered":"http:\/\/www.nowa.gops-lniano.pl\/test\/?page_id=264"},"modified":"2020-01-08T07:25:52","modified_gmt":"2020-01-08T07:25:52","slug":"wyjazd-integracyjny-do-myslecinka","status":"publish","type":"page","link":"https:\/\/gops-lniano.pl\/index.php\/wyjazd-integracyjny-do-myslecinka\/","title":{"rendered":"Wyjazd integracyjny do My\u015bl\u0119cinka"},"content":{"rendered":"\n\t\t\t\t\n<p>\nDnia 21\/07\/2012 r.&nbsp; w ramach projektu \u201eB\u0105d\u017a aktywnym\u201d odby\u0142 si\u0119 wyjazd \nintegracyjny do My\u015bl\u0119cinka ko\u0142o Bydgoszczy. Wcze\u015bniej zosta\u0142 zam\u00f3wiony \ntransport&nbsp; z PKS w \u015awieciu,&nbsp; zakupione zosta\u0142y napoje i batoniki&nbsp; dla Bo\n i otoczenia. Zosta\u0142y zam\u00f3wione&nbsp; wej\u015bci\u00f3wki do Zoo, a tak\u017ce 30 pizz dla \nuczestnik\u00f3w wycieczki. Wycieczk\u0119 rozpocz\u0119li\u015bmy oko\u0142o godziny 10.00 od \nzwiedzania zoo w Ogrodzie Botanicznym w My\u015bl\u0119cinku. Mieli\u015bmy przyjemno\u015b\u0107\n zobaczy\u0107 r\u00f3\u017cnorodno\u015b\u0107 fauny i flory, pocz\u0105wszy od nied\u017awiedzia czy \nrysia po zebr\u0119 i strusia. Dzieci by\u0142y zachwycone zwierz\u0119tami. Po oko\u0142o \np\u00f3\u0142tora godziny zwiedzania zoo udali\u015bmy si\u0119 na spacer w stron\u0119 jeziora i\n placu zabaw dla dzieci i tam ju\u017c zostali\u015bmy do pikniku. O godz. 12.00, \npo tym jak dowieziono na pizze z napojami rozpocz\u0119li\u015bmy wsp\u00f3lny piknik, \nkt\u00f3ry zako\u0144czy\u0142 si\u0119 dodatkow\u0105 atrakcj\u0105 w postaci zlotu motocyklist\u00f3w z \nca\u0142ej Europy. Podczas ca\u0142ego pobytu w My\u015bl\u0119cinku na twarzach uczestnik\u00f3w\n oraz ich towarzysz\u00f3w widnia\u0142 u\u015bmiech i zadowolenie. Wyjazd nale\u017ca\u0142 do \nbardzo&nbsp; udanych.\n\n<\/p>\n\t\t","protected":false},"excerpt":{"rendered":"<p>Dnia 21\/07\/2012 r.&nbsp; w ramach projektu \u201eB\u0105d\u017a aktywnym\u201d odby\u0142 si\u0119 wyjazd integracyjny do My\u015bl\u0119cinka ko\u0142o Bydgoszczy. Wcze\u015bniej zosta\u0142 zam\u00f3wiony transport&nbsp; z PKS w \u015awieciu,&nbsp; zakupione zosta\u0142y napoje i batoniki&nbsp; dla Bo i otoczenia. Zosta\u0142y zam\u00f3wione&nbsp; wej\u015bci\u00f3wki do Zoo, a tak\u017ce 30 pizz dla uczestnik\u00f3w wycieczki. Wycieczk\u0119 rozpocz\u0119li\u015bmy oko\u0142o godziny 10.00 od zwiedzania zoo w Ogrodzie [&hellip;]<\/p>\n","protected":false},"author":2,"featured_media":0,"parent":0,"menu_order":0,"comment_status":"closed","ping_status":"closed","template":"","meta":{"ngg_post_thumbnail":0},"_links":{"self":[{"href":"https:\/\/gops-lniano.pl\/index.php\/wp-json\/wp\/v2\/pages\/264"}],"collection":[{"href":"https:\/\/gops-lniano.pl\/index.php\/wp-json\/wp\/v2\/pages"}],"about":[{"href":"https:\/\/gops-lniano.pl\/index.php\/wp-json\/wp\/v2\/types\/page"}],"author":[{"embeddable":true,"href":"https:\/\/gops-lniano.pl\/index.php\/wp-json\/wp\/v2\/users\/2"}],"replies":[{"embeddable":true,"href":"https:\/\/gops-lniano.pl\/index.php\/wp-json\/wp\/v2\/comments?post=264"}],"version-history":[{"count":0,"href":"https:\/\/gops-lniano.pl\/index.php\/wp-json\/wp\/v2\/pages\/264\/revisions"}],"wp:attachment":[{"href":"https:\/\/gops-lniano.pl\/index.php\/wp-json\/wp\/v2\/media?parent=264"}],"curies":[{"name":"wp","href":"https:\/\/api.w.org\/{rel}","templated":true}]}}