{"id":267,"date":"2020-01-08T07:25:52","date_gmt":"2020-01-08T07:25:52","guid":{"rendered":"http:\/\/www.nowa.gops-lniano.pl\/test\/?page_id=267"},"modified":"2020-01-08T07:25:52","modified_gmt":"2020-01-08T07:25:52","slug":"wyjazd-integracyjny-do-woziwody-i-fojutowa","status":"publish","type":"page","link":"https:\/\/gops-lniano.pl\/index.php\/wyjazd-integracyjny-do-woziwody-i-fojutowa\/","title":{"rendered":"Wyjazd integracyjny do Woziwody i Fojutowa"},"content":{"rendered":"\n\t\t\t\t\n<p>\nDnia 11\/05\/2013 r. oko\u0142o godz. 9.00 uczestnicy projektu \u201eB\u0105d\u017a aktywnym\u201d \nwraz z osobami towarzysz\u0105cymi i realizatorami projektu wyjechali na \nwycieczk\u0119 integracyjn\u0105 do Woziwody i Fojutowa. W zwi\u0105zku z wyjazdem \nzosta\u0142 zam\u00f3wiony autokar, zakupione zosta\u0142y r\u00f3wnie\u017c produkty \u017cywno\u015bciowe\n na ognisko oraz s\u0142odycze i napoje. &nbsp;Pierwszym punktem wycieczki by\u0142o \nzwiedzanie Fojutowa, a mianowicie spacer do akweduktu, w kt\u00f3rym \nprzecinaj\u0105 si\u0119&nbsp; 2 rzeki: &nbsp;Brda i Struga Czerska oraz wej\u015bcie na wie\u017ce \nwidokow\u0105. &nbsp;Po kr\u00f3tkim spacerze uczestnicy udali si\u0119 do Zajazdu na \nwcze\u015bniej zam\u00f3wione&nbsp; lody i na Plac zabaw, kt\u00f3ry skrywa\u0142 wiele atrakcji,\n zw\u0142aszcza dla dzieci. Ko\u0142o po\u0142udnia wybrali\u015bmy si\u0119 do Woziwody, gdzie \nna specjalnie przygotowanym placu rozpalili\u015bmy ognisko i piekli\u015bmy \nkie\u0142baski. Opr\u00f3cz pieczonych kie\u0142basek uczestnicy mogli skosztowa\u0107 \nswojskiego smalcu z og\u00f3rkiem kiszonym. Po konsumpcji wybrali\u015bmy si\u0119 wraz\n z Pani\u0105 przewodnik na szlak edukacyjno \u2013turystyczny oraz do \nnadle\u015bnictwa, w kt\u00f3rym mogli\u015bmy zobaczy\u0107 eksponaty zwierz\u0105t le\u015bnych. \nDzieci za piln\u0105 uwag\u0119 podczas zwiedzania otrzyma\u0142y drobne upominki. \nOko\u0142o 15.00 wyruszyli\u015bmy w drog\u0119 powrotn\u0105 do domu.\n\n<\/p>\n\t\t","protected":false},"excerpt":{"rendered":"<p>Dnia 11\/05\/2013 r. oko\u0142o godz. 9.00 uczestnicy projektu \u201eB\u0105d\u017a aktywnym\u201d wraz z osobami towarzysz\u0105cymi i realizatorami projektu wyjechali na wycieczk\u0119 integracyjn\u0105 do Woziwody i Fojutowa. W zwi\u0105zku z wyjazdem zosta\u0142 zam\u00f3wiony autokar, zakupione zosta\u0142y r\u00f3wnie\u017c produkty \u017cywno\u015bciowe na ognisko oraz s\u0142odycze i napoje. &nbsp;Pierwszym punktem wycieczki by\u0142o zwiedzanie Fojutowa, a mianowicie spacer do akweduktu, w [&hellip;]<\/p>\n","protected":false},"author":2,"featured_media":0,"parent":0,"menu_order":0,"comment_status":"closed","ping_status":"closed","template":"","meta":{"ngg_post_thumbnail":0},"_links":{"self":[{"href":"https:\/\/gops-lniano.pl\/index.php\/wp-json\/wp\/v2\/pages\/267"}],"collection":[{"href":"https:\/\/gops-lniano.pl\/index.php\/wp-json\/wp\/v2\/pages"}],"about":[{"href":"https:\/\/gops-lniano.pl\/index.php\/wp-json\/wp\/v2\/types\/page"}],"author":[{"embeddable":true,"href":"https:\/\/gops-lniano.pl\/index.php\/wp-json\/wp\/v2\/users\/2"}],"replies":[{"embeddable":true,"href":"https:\/\/gops-lniano.pl\/index.php\/wp-json\/wp\/v2\/comments?post=267"}],"version-history":[{"count":0,"href":"https:\/\/gops-lniano.pl\/index.php\/wp-json\/wp\/v2\/pages\/267\/revisions"}],"wp:attachment":[{"href":"https:\/\/gops-lniano.pl\/index.php\/wp-json\/wp\/v2\/media?parent=267"}],"curies":[{"name":"wp","href":"https:\/\/api.w.org\/{rel}","templated":true}]}}