{"id":270,"date":"2020-01-08T07:25:52","date_gmt":"2020-01-08T07:25:52","guid":{"rendered":"http:\/\/www.nowa.gops-lniano.pl\/test\/?page_id=270"},"modified":"2020-01-08T07:25:52","modified_gmt":"2020-01-08T07:25:52","slug":"wyjazd-do-torunia","status":"publish","type":"page","link":"https:\/\/gops-lniano.pl\/index.php\/wyjazd-do-torunia\/","title":{"rendered":"Wyjazd do Torunia"},"content":{"rendered":"\n\t\t\t\t\n<p>\nDnia\n 28 wrze\u015bnia 2013 r. w ramach realizacji projektu systemowego pn. \u201eB\u0105d\u017a \naktywnym\u201d odby\u0142 si\u0119 wyjazd integracyjny do Torunia dla uczestnik\u00f3w \nprojektu i realizator\u00f3w. Na wyjazd zosta\u0142 zorganizowany transport w wysoko\u015bci 850,00 z\u0142. O godzinie 7.30 wyruszyli\u015bmy autobusem w kierunku Torunia i o godz. 9.00 byli\u015bmy ju\u017c na miejscu. Rozpocz\u0119li\u015bmy\n zwiedzanie miasta od pi\u0119knej star\u00f3wki, a na ko\u0144cu weszli\u015bmy na wie\u017c\u0119 \nratuszow\u0105, co by\u0142o dla niekt\u00f3rych nie lada wyzwaniem.  Po wej\u015bciu na wie\u017c\u0119 zosta\u0142 og\u0142oszony czas wolny, w kt\u00f3rym UP mogli uda\u0107\n si\u0119 na kaw\u0119, kupi\u0107 pami\u0105tki oraz posmakowa\u0107 toru\u0144skich piernik\u00f3w. Przed\n godz. 12.00 udali\u015bmy si\u0119 na uroczysty obiad do Pierogranii przy Mo\u015bcie \nPauli\u0144skim. Ka\u017cdy z UP i realizator\u00f3w otrzyma\u0142 4 rodzaje pierog\u00f3w z \nsokiem oraz przek\u0105sk\u0119 w postaci swojskiego chleba ze smalcem. Po sytym \nobiedzie udali\u015bmy si\u0119 spacerkiem na krzyw\u0105 wie\u017c\u0119 do domu Kopernika oraz do\n Planetarium na spektakl pt. \u201eOperacja saturn\u201d. Seans rozpocz\u0105\u0142 si\u0119 o \ngodz. 14.00- opowiada\u0142 o strukturze planet \u2013 Wenus i Saturn oraz \nciekawostkach z tym zwi\u0105zanych. Oko\u0142o godziny 15.00 wyruszyli\u015bmy w drog\u0119 powrotn\u0105 do domu. UP byli zadowoleni z wyjazdu  pomimo tego, \u017ce by\u0142 to bardzo zimny dzie\u0144 i nieustannie si\u0105pi\u0142 deszcz.\n\n<\/p>\n\t\t","protected":false},"excerpt":{"rendered":"<p>Dnia 28 wrze\u015bnia 2013 r. w ramach realizacji projektu systemowego pn. \u201eB\u0105d\u017a aktywnym\u201d odby\u0142 si\u0119 wyjazd integracyjny do Torunia dla uczestnik\u00f3w projektu i realizator\u00f3w. Na wyjazd zosta\u0142 zorganizowany transport w wysoko\u015bci 850,00 z\u0142. O godzinie 7.30 wyruszyli\u015bmy autobusem w kierunku Torunia i o godz. 9.00 byli\u015bmy ju\u017c na miejscu. Rozpocz\u0119li\u015bmy zwiedzanie miasta od pi\u0119knej star\u00f3wki, [&hellip;]<\/p>\n","protected":false},"author":2,"featured_media":0,"parent":0,"menu_order":0,"comment_status":"closed","ping_status":"closed","template":"","meta":{"ngg_post_thumbnail":0},"_links":{"self":[{"href":"https:\/\/gops-lniano.pl\/index.php\/wp-json\/wp\/v2\/pages\/270"}],"collection":[{"href":"https:\/\/gops-lniano.pl\/index.php\/wp-json\/wp\/v2\/pages"}],"about":[{"href":"https:\/\/gops-lniano.pl\/index.php\/wp-json\/wp\/v2\/types\/page"}],"author":[{"embeddable":true,"href":"https:\/\/gops-lniano.pl\/index.php\/wp-json\/wp\/v2\/users\/2"}],"replies":[{"embeddable":true,"href":"https:\/\/gops-lniano.pl\/index.php\/wp-json\/wp\/v2\/comments?post=270"}],"version-history":[{"count":0,"href":"https:\/\/gops-lniano.pl\/index.php\/wp-json\/wp\/v2\/pages\/270\/revisions"}],"wp:attachment":[{"href":"https:\/\/gops-lniano.pl\/index.php\/wp-json\/wp\/v2\/media?parent=270"}],"curies":[{"name":"wp","href":"https:\/\/api.w.org\/{rel}","templated":true}]}}