{"id":52,"date":"2020-01-03T11:28:12","date_gmt":"2020-01-03T11:28:12","guid":{"rendered":"http:\/\/www.nowa.gops-lniano.pl\/test\/?page_id=52"},"modified":"2020-01-24T07:45:35","modified_gmt":"2020-01-24T07:45:35","slug":"swiadczenia-pomocy-spolecznej","status":"publish","type":"page","link":"https:\/\/gops-lniano.pl\/index.php\/swiadczenia-pomocy-spolecznej\/","title":{"rendered":"\u015awiadczenia pomocy spo\u0142ecznej"},"content":{"rendered":"\n<p><strong>I. Zasady og\u00f3lne i zakres podmiotowy ustawy<\/strong><\/p>\n\n\n\n<p>Pomoc spo\u0142eczna jest instytucj\u0105 polityki\n spo\u0142ecznej pa\u0144stwa maj\u0105c\u0105 na celu umo\u017cliwienie osobom i rodzinom \nprzezwyci\u0119\u017cenie trudnych sytuacji \u017cyciowych, kt\u00f3rych nie s\u0105 w stanie \npokona\u0107, wykorzystuj\u0105c w\u0142asne uprawnienia, zasoby i mo\u017cliwo\u015bci. Pomoc \nspo\u0142eczna nale\u017cy do tych ga\u0142\u0119zi prawa administracyjnego, w ramach, \nkt\u00f3rej przyznawane s\u0105 prawa, jak r\u00f3wnie\u017c nak\u0142adane obowi\u0105zki.Pomoc \nspo\u0142eczn\u0105 organizuj\u0105 organy administracji rz\u0105dowej i samorz\u0105dowej, \nwsp\u00f3\u0142pracuj\u0105c w tym zakresie, na zasadzie partnerstwa, z organizacjami \nspo\u0142ecznymi i pozarz\u0105dowymi. Wskazane dzia\u0142ania administracji publicznej\n wymagaj\u0105 podejmowania rozstrzygni\u0119\u0107 w r\u00f3\u017cnych prawnych formach \ndzia\u0142ania, jednak\u017ce kluczow\u0105 rol\u0119 w tym zakresie odgrywaj\u0105 akty \nadministracyjne, a \u015bwiadczenia najcz\u0119\u015bciej przyznawane s\u0105 w drodze \ndecyzji administracyjnej. Wydanie decyzji administracyjnej wymaga \npodstaw ustawowych. Podstawowe zasady udzielania \u015bwiadcze\u0144 z pomocy \nspo\u0142ecznej reguluje ustawa o pomocy spo\u0142ecznej z dnia 12 marca 2004 roku\n (Dz.U. z 2009r. Nr 175, poz. 1362 z p\u00f3\u017an.zm.)Dzia\u0142ania podejmowane \nprzez O\u015brodek Pomocy Spo\u0142ecznej w miar\u0119 mo\u017cliwo\u015bci powinny doprowadzi\u0107 \ndo \u017cyciowego usamodzielnienia os\u00f3b i rodzin. Obowi\u0105zek wykonywania zada\u0144\n pomocy spo\u0142ecznej spoczywa na organach jednostek samorz\u0105du \nterytorialnego oraz na administracji rz\u0105dowej w zakresie ustalonym \nustawami.Do zada\u0144 O\u015brodka Pomocy Spo\u0142ecznej nale\u017cy realizacja zada\u0144 \nw\u0142asnych o charakterze obowi\u0105zkowym oraz zada\u0144 zleconych.<\/p>\n\n\n\n<p><strong>II. Zadania pomocy spo\u0142ecznej<\/strong><\/p>\n\n\n\n<p>Do zada\u0144 w\u0142asnych o charakterze obowi\u0105zkowym z zakresu pomocy spo\u0142ecznej realizowanych przez gminy nale\u017c\u0105:<br><br>1)\n opracowanie i realizacja gminnej strategii rozwi\u0105zywania problem\u00f3w \nspo\u0142ecznych ze szczeg\u00f3lnym uwzgl\u0119dnieniem program\u00f3w pomocy spo\u0142ecznej, \nkt\u00f3rych celem jest integracja os\u00f3b i grup szczeg\u00f3lnego ryzyka;<br><br>2) sporz\u0105dzenie bilansu potrzeb gminy w zakresie pomocy spo\u0142ecznej;<br><br>3) udzielanie schronienia, zapewnienie posi\u0142ku oraz niezb\u0119dnego ubrania osobom tego pozbawionym;<br><br>4) przyznawanie i wyp\u0142acanie zasi\u0142k\u00f3w okresowych;<br><br>5) przyznawanie i wyp\u0142acanie zasi\u0142k\u00f3w celowych;<br><br>6) przyznawanie i wyp\u0142acanie zasi\u0142k\u00f3w celowych na pokrycie wydatk\u00f3w powsta\u0142ych w wyniku zdarzenia losowego;<br><br>7)\n przyznawanie i wyp\u0142acanie zasi\u0142k\u00f3w celowych na pokrycie wydatk\u00f3w na \n\u015bwiadczenia zdrowotne osobom bezdomnym oraz innym osobom niemaj\u0105cym \ndochodu i mo\u017cliwo\u015bci uzyskania \u015bwiadcze\u0144 na podstawie przepis\u00f3w o \npowszechnym ubezpieczeniu w Narodowym Funduszu Zdrowia;<br><br>8) przyznawanie zasi\u0142k\u00f3w celowych w formie biletu kredytowanego;<br><br>9)\n op\u0142acanie sk\u0142adek na ubezpieczenia emerytalne i rentowe za osob\u0119, kt\u00f3ra\n rezygnuje z zatrudnienia w zwi\u0105zku z konieczno\u015bci\u0105 sprawowania \nbezpo\u015bredniej, osobistej opieki nad d\u0142ugotrwale lub ci\u0119\u017cko chorym \ncz\u0142onkiem rodziny oraz wsp\u00f3lnie niezamieszkuj\u0105cymi matk\u0105, ojcem lub \nrodze\u0144stwem;<br><br>10) praca socjalna;<br><br>11) organizowanie i \n\u015bwiadczenie us\u0142ug opieku\u0144czych nad osobami chorymi w miejscu ich \nzamieszkania, w tym specjalistycznych, z wy\u0142\u0105czeniem specjalistycznych \nus\u0142ug opieku\u0144czych dla os\u00f3b z zaburzeniami psychicznymi;<br><br>12) tworzenie gminnego systemu profilaktyki i opieki nad dzieckiem i rodzin\u0105;<br><br>13) do\u017cywianie dzieci;<br><br>14) sprawienie pogrzebu, w tym osobom bezdomnym;<br><br>15) kierowanie do domu pomocy spo\u0142ecznej i ponoszenie odp\u0142atno\u015bci za pobyt mieszka\u0144ca gminy w tym domu;<br><br>16) pomoc osobom maj\u0105cym trudno\u015bci w przystosowaniu si\u0119 do \u017cycia po zwolnieniu z zak\u0142adu karnego;<br><br>17)\n sporz\u0105dzanie sprawozdawczo\u015bci oraz przekazywanie jej w\u0142a\u015bciwemu \nwojewodzie, r\u00f3wnie\u017c w wersji elektronicznej, z zastosowaniem systemu \nelektronicznego;<br><br>18) utworzenie i utrzymywanie o\u015brodka pomocy spo\u0142ecznej, w tym zapewnienie \u015brodk\u00f3w na wynagrodzenia pracownik\u00f3w;<br><br>19) przyznawanie i wyp\u0142acanie zasi\u0142k\u00f3w sta\u0142ych;<br><br>20)\n op\u0142acanie sk\u0142adek na ubezpieczenie zdrowotne okre\u015blonych w przepisach o\n \u015bwiadczeniach opieki zdrowotnej finansowanych ze \u015brodk\u00f3w publicznych.<br><br><br>Do zada\u0144 w\u0142asnych gminy nale\u017c\u0105:<br><br>1) przyznawanie i wyp\u0142acanie zasi\u0142k\u00f3w specjalnych celowych;<br><br>2) przyznawanie i wyp\u0142acanie pomocy na ekonomiczne usamodzielnienie w formie zasi\u0142k\u00f3w, po\u017cyczek oraz pomocy w naturze;<br><br>3)\n prowadzenie i zapewnienie miejsc w domach pomocy spo\u0142ecznej oraz w \no\u015brodkach wsparcia o zasi\u0119gu gminnym oraz kierowanie do nich os\u00f3b \nwymagaj\u0105cych opieki;<br><br>4) podejmowanie innych zada\u0144 z zakresu \npomocy spo\u0142ecznej wynikaj\u0105cych z rozeznanych potrzeb gminy, w tym \ntworzenie i realizacja program\u00f3w os\u0142onowych;<br><br>5) wsp\u00f3\u0142praca z \npowiatowym urz\u0119dem pracy w zakresie upowszechniania ofert pracy oraz \ninformacji o wolnych miejscach pracy, upowszechniania informacji o \nus\u0142ugach poradnictwa zawodowego i o szkoleniach.<\/p>\n\n\n\n<p>Do zada\u0144 zleconych z zakresu administracji rz\u0105dowej realizowanych przez gmin\u0119 nale\u017c\u0105:<br><br>1) organizowanie i \u015bwiadczenie specjalistycznych us\u0142ug opieku\u0144czych w miejscu zamieszkania dla os\u00f3b z zaburzeniami psychicznymi;<br><br>2) przyznawanie i wyp\u0142acanie zasi\u0142k\u00f3w celowych na pokrycie wydatk\u00f3w zwi\u0105zanych z kl\u0119sk\u0105 \u017cywio\u0142ow\u0105 lub ekologiczn\u0105;<br><br>3) prowadzenie i rozw\u00f3j infrastruktury \u015brodowiskowych dom\u00f3w samopomocy dla os\u00f3b z zaburzeniami psychicznymi;<br><br>4)  realizacja zada\u0144 wynikaj\u0105cych z rz\u0105dowych program\u00f3w pomocy spo\u0142ecznej,  maj\u0105cych na celu ochron\u0119 poziomu \u017cycia os\u00f3b, rodzin i grup spo\u0142ecznych  oraz rozw\u00f3j specjalistycznego wsparcia;<br><br>5) przyznawanie i  wyp\u0142acanie zasi\u0142k\u00f3w celowych, a tak\u017ce udzielenie schronienia, posi\u0142ku  oraz niezb\u0119dnego ubrania cudzoziemcom, o kt\u00f3rych mowa w art. 5a ustawy o  pomocy spo\u0142ecznej.<br><br>6) wyp\u0142acanie wynagrodzenia za sprawowanie opieki.<br><br>\u015arodki na realizacj\u0119 i obs\u0142ug\u0119 zada\u0144 zleconych zapewnia bud\u017cet pa\u0144stwa. <br><br><strong>III. Dla kogo pomoc?<\/strong><br><br>Prawo do \u015bwiadcze\u0144 pieni\u0119\u017cnych z pomocy spo\u0142ecznej przys\u0142uguje osobom i rodzinom, kt\u00f3rych doch\u00f3d netto na osob\u0119 nie przekracza:<br><br>1. Na osob\u0119 samotnie gospodaruj\u0105c\u0105 &#8211; 701 z\u0142<br><br>2. Na ka\u017cd\u0105 osob\u0119 w rodzinie &#8211; 528 z\u0142 <br><br>3. Warto\u015b\u0107 dochodu odpowiadaj\u0105ca dochodowi z 1ha przeliczeniowego wynosi 308 z\u0142.<\/p>\n\n\n\n<p>Pomocy spo\u0142ecznej na zasadach okre\u015blonych w ustawie udziela si\u0119 osobom i rodzinom, w szczeg\u00f3lno\u015bci z powodu:<br><br>a) ub\u00f3stwa;<br><br>b) sieroctwa;<br><br>c) bezdomno\u015bci;<br><br>d) bezrobocia;<br><br>e) niepe\u0142nosprawno\u015bci;<br><br>f) d\u0142ugotrwa\u0142ej lub ci\u0119\u017ckiej choroby;<br><br>g) przemocy w rodzinie; <br><br>h) potrzeby ochrony macierzy\u0144stwa lub wielodzietno\u015bci;<br><br>i)&nbsp;\n bezradno\u015bci w sprawach opieku\u0144czo -wychowawczych i prowadzenia \ngospodarstwa domowego, zw\u0142aszcza w rodzinach niepe\u0142nych lub \nwielodzietnych;<br><br>j) braku umiej\u0119tno\u015bci w przystosowaniu do \u017cycia m\u0142odzie\u017cy opuszczaj\u0105cej plac\u00f3wki opieku\u0144czo- wychowawcze;<br><br>k) trudno\u015bci w integracji os\u00f3b, kt\u00f3re otrzyma\u0142y status uchod\u017acy;<br><br>l) trudno\u015bci w przystosowaniu do \u017cycia po zwolnieniu z zak\u0142adu karnego;<br><br>\u0142) alkoholizmu lub narkomanii; <br><br>m) zdarzenia losowego i sytuacji kryzysowej;<br><br>n) kl\u0119ski \u017cywio\u0142owej lub ekologicznej.<\/p>\n","protected":false},"excerpt":{"rendered":"<p>I. Zasady og\u00f3lne i zakres podmiotowy ustawy Pomoc spo\u0142eczna jest instytucj\u0105 polityki spo\u0142ecznej pa\u0144stwa maj\u0105c\u0105 na celu umo\u017cliwienie osobom i rodzinom przezwyci\u0119\u017cenie trudnych sytuacji \u017cyciowych, kt\u00f3rych nie s\u0105 w stanie pokona\u0107, wykorzystuj\u0105c w\u0142asne uprawnienia, zasoby i mo\u017cliwo\u015bci. Pomoc spo\u0142eczna nale\u017cy do tych ga\u0142\u0119zi prawa administracyjnego, w ramach, kt\u00f3rej przyznawane s\u0105 prawa, jak r\u00f3wnie\u017c nak\u0142adane obowi\u0105zki.Pomoc [&hellip;]<\/p>\n","protected":false},"author":2,"featured_media":0,"parent":0,"menu_order":0,"comment_status":"closed","ping_status":"closed","template":"","meta":{"ngg_post_thumbnail":0},"_links":{"self":[{"href":"https:\/\/gops-lniano.pl\/index.php\/wp-json\/wp\/v2\/pages\/52"}],"collection":[{"href":"https:\/\/gops-lniano.pl\/index.php\/wp-json\/wp\/v2\/pages"}],"about":[{"href":"https:\/\/gops-lniano.pl\/index.php\/wp-json\/wp\/v2\/types\/page"}],"author":[{"embeddable":true,"href":"https:\/\/gops-lniano.pl\/index.php\/wp-json\/wp\/v2\/users\/2"}],"replies":[{"embeddable":true,"href":"https:\/\/gops-lniano.pl\/index.php\/wp-json\/wp\/v2\/comments?post=52"}],"version-history":[{"count":1,"href":"https:\/\/gops-lniano.pl\/index.php\/wp-json\/wp\/v2\/pages\/52\/revisions"}],"predecessor-version":[{"id":455,"href":"https:\/\/gops-lniano.pl\/index.php\/wp-json\/wp\/v2\/pages\/52\/revisions\/455"}],"wp:attachment":[{"href":"https:\/\/gops-lniano.pl\/index.php\/wp-json\/wp\/v2\/media?parent=52"}],"curies":[{"name":"wp","href":"https:\/\/api.w.org\/{rel}","templated":true}]}}