{"id":55,"date":"2020-01-03T11:28:12","date_gmt":"2020-01-03T11:28:12","guid":{"rendered":"http:\/\/www.nowa.gops-lniano.pl\/test\/?page_id=55"},"modified":"2020-01-03T11:28:12","modified_gmt":"2020-01-03T11:28:12","slug":"badz-aktywnym","status":"publish","type":"page","link":"https:\/\/gops-lniano.pl\/index.php\/badz-aktywnym\/","title":{"rendered":"B\u0105d\u017a aktywnym"},"content":{"rendered":"\n\t\t\t\t\n<p> \u201eB\u0105d\u017a aktywnym\u201d &#8211; projekt systemowy wsp\u00f3\u0142finansowany ze \u015brodk\u00f3w  Europejskiego Funduszu Spo\u0142ecznego, Priorytet VII, Dzia\u0142anie 7.1,  Poddzia\u0142anie 7.1.1 W ramach Priorytetu VII \u201ePromocja integracji  spo\u0142ecznej\u201d podejmowane b\u0119d\u0105 przede wszystkim dzia\u0142ania zmierzaj\u0105ce do  u\u0142atwienia dost\u0119pu do rynku pracy osobom zagro\u017conym wykluczeniem  spo\u0142ecznym oraz rozwijania instytucji ekonomii spo\u0142ecznej, jako  skutecznej formy integracji spo\u0142eczno \u2013 zawodowej. Dzia\u0142anie 7.1 &#8211;  Rozw\u00f3j i upowszechnienie aktywnej integracji. Poddzia\u0142anie 7.1.1 &#8211;  Rozw\u00f3j i upowszechnienie aktywnej integracji przez o\u015brodki pomocy  spo\u0142ecznej.<\/p>\n\n\n\n<ul class=\"wp-block-gallery columns-0 is-cropped\"><\/ul>\n\t\t","protected":false},"excerpt":{"rendered":"<p>\u201eB\u0105d\u017a aktywnym\u201d &#8211; projekt systemowy wsp\u00f3\u0142finansowany ze \u015brodk\u00f3w Europejskiego Funduszu Spo\u0142ecznego, Priorytet VII, Dzia\u0142anie 7.1, Poddzia\u0142anie 7.1.1 W ramach Priorytetu VII \u201ePromocja integracji spo\u0142ecznej\u201d podejmowane b\u0119d\u0105 przede wszystkim dzia\u0142ania zmierzaj\u0105ce do u\u0142atwienia dost\u0119pu do rynku pracy osobom zagro\u017conym wykluczeniem spo\u0142ecznym oraz rozwijania instytucji ekonomii spo\u0142ecznej, jako skutecznej formy integracji spo\u0142eczno \u2013 zawodowej. Dzia\u0142anie 7.1 &#8211; [&hellip;]<\/p>\n","protected":false},"author":2,"featured_media":0,"parent":0,"menu_order":0,"comment_status":"closed","ping_status":"closed","template":"","meta":{"ngg_post_thumbnail":0},"_links":{"self":[{"href":"https:\/\/gops-lniano.pl\/index.php\/wp-json\/wp\/v2\/pages\/55"}],"collection":[{"href":"https:\/\/gops-lniano.pl\/index.php\/wp-json\/wp\/v2\/pages"}],"about":[{"href":"https:\/\/gops-lniano.pl\/index.php\/wp-json\/wp\/v2\/types\/page"}],"author":[{"embeddable":true,"href":"https:\/\/gops-lniano.pl\/index.php\/wp-json\/wp\/v2\/users\/2"}],"replies":[{"embeddable":true,"href":"https:\/\/gops-lniano.pl\/index.php\/wp-json\/wp\/v2\/comments?post=55"}],"version-history":[{"count":0,"href":"https:\/\/gops-lniano.pl\/index.php\/wp-json\/wp\/v2\/pages\/55\/revisions"}],"wp:attachment":[{"href":"https:\/\/gops-lniano.pl\/index.php\/wp-json\/wp\/v2\/media?parent=55"}],"curies":[{"name":"wp","href":"https:\/\/api.w.org\/{rel}","templated":true}]}}