{"id":583,"date":"2022-01-19T11:34:27","date_gmt":"2022-01-19T10:34:27","guid":{"rendered":"http:\/\/gops-lniano.pl\/?page_id=583"},"modified":"2022-01-19T11:34:27","modified_gmt":"2022-01-19T10:34:27","slug":"asystent-rodziny","status":"publish","type":"page","link":"https:\/\/gops-lniano.pl\/index.php\/asystent-rodziny\/","title":{"rendered":"Asystent rodziny"},"content":{"rendered":"\n<p><strong>Program asystent rodziny<\/strong><\/p>\n\n\n\n<p><strong>Asystent rodziny- wsparcie dla rodzin w kryzysie<\/strong><\/p>\n\n\n\n<p>Zadaniem <strong>asystenta rodziny<\/strong> jest wspieranie rodziny, kt\u00f3ra nie potrafi samodzielnie pokonywa\u0107 trudno\u015bci \u017cyciowych, zw\u0142aszcza problem\u00f3w opieku\u0144czo \u2013 wychowawczych. Praca asystenta jest procesem d\u0142ugofalowym, zmierzaj\u0105cym do usamodzielnienia rodzin i prawid\u0142owego wype\u0142niania przez ni\u0105 funkcji opieku\u0144czo-wychowawczej.<\/p>\n\n\n\n<p><strong><u>W sprawie ustalenia mo\u017cliwo\u015bci wspierania rodziny przez asystenta nale\u017cy kontaktowa\u0107 si\u0119 z pracownikiem socjalnym w\u0142a\u015bciwym wg miejsca zamieszkania.<\/u><\/strong><\/p>\n\n\n\n<p>Rol\u0119 i zadania <strong>asystenta rodziny <\/strong>szczeg\u00f3\u0142owo reguluje ustawa z dnia 4 listopada 2016r. o wsparciu kobiet w ci\u0105\u017cy i rodzin \u201eZa \u017cyciem\u201d oraz ustawa z dnia 9 czerwca 2011r. o wspieraniu rodziny i systemie pieczy zast\u0119pczej.&nbsp;<\/p>\n\n\n\n<p><strong>Art. 14. Miejsce pracy asystenta z rodzin\u0105<\/strong><\/p>\n\n\n\n<p>Asystent rodziny prowadzi prac\u0119 z rodzin\u0105 w miejscu jej zamieszkania lub w miejscu wskazanym przez rodzin\u0119.<\/p>\n\n\n\n<p><strong>Art. 15. Zadania asystenta rodziny<\/strong><\/p>\n\n\n\n<p>1.Do zada\u0144 asystenta rodziny nale\u017cy w szczeg\u00f3lno\u015bci:<\/p>\n\n\n\n<p>1)opracowanie i realizacja planu pracy z rodzin\u0105 we wsp\u00f3\u0142pracy z cz\u0142onkami rodziny i w konsultacji z pracownikiem socjalnym, o kt\u00f3rym mowa w art. 11ust . 1;<\/p>\n\n\n\n<p>2)opracowanie, we wsp\u00f3\u0142pracy z cz\u0142onkami rodziny i koordynatorem rodzinnej pieczy zast\u0119pczej, planu pracy z rodzin\u0105, kt\u00f3ry jest skoordynowany z planem pomocy dziecku umieszczonemu w pieczy zast\u0119pczej;<\/p>\n\n\n\n<p>3)udzielanie pomocy rodzinom w poprawie ich sytuacji \u017cyciowej, w tym w zdobywaniu umiej\u0119tno\u015bci prawid\u0142owego prowadzenia gospodarstwa domowego;<\/p>\n\n\n\n<p>4)udzielanie pomocy rodzinom w rozwi\u0105zywaniu problem\u00f3w socjalnych;<\/p>\n\n\n\n<p>5)udzielanie pomocy rodzinom w rozwi\u0105zywaniu problem\u00f3w psychologicznych;<\/p>\n\n\n\n<p>6)udzielanie pomocy rodzinom w rozwi\u0105zywaniu problem\u00f3w wychowawczych z dzie\u0107mi;<\/p>\n\n\n\n<p>7)wspieranie aktywno\u015bci spo\u0142ecznej rodzin;<\/p>\n\n\n\n<p>8)motywowanie cz\u0142onk\u00f3w rodzin do podnoszenia kwalifikacji zawodowych;<\/p>\n\n\n\n<p>9)udzielanie pomocy w poszukiwaniu, podejmowaniu i utrzymywaniu pracy zarobkowej;<\/p>\n\n\n\n<p>10)motywowanie do udzia\u0142u w zaj\u0119ciach grupowych dla rodzic\u00f3w, maj\u0105cych na celu kszta\u0142towanie prawid\u0142owych wzorc\u00f3w rodzicielskich i umiej\u0119tno\u015bci psychospo\u0142ecznych;<\/p>\n\n\n\n<p>11)udzielanie wsparcia dzieciom, w szczeg\u00f3lno\u015bci poprzez udzia\u0142 w zaj\u0119ciach psychoedukacyjnych;<\/p>\n\n\n\n<p>12)podejmowanie dzia\u0142a\u0144 interwencyjnych i zaradczych w sytuacji zagro\u017cenia bezpiecze\u0144stwa dzieci i rodzin;<\/p>\n\n\n\n<p>13)prowadzenie indywidualnych konsultacji wychowawczych dla rodzic\u00f3w i dzieci;<\/p>\n\n\n\n<p>13a)realizacja zada\u0144 okre\u015blonych w ustawie z dnia 4 listopada 2016 r. o wsparciu kobiet w ci\u0105\u017cy i rodzin \u201eZa \u017cyciem\u201d (Dz. U. z 2019 r. poz. 473 i 1818);<\/p>\n\n\n\n<p>14)prowadzenie dokumentacji dotycz\u0105cej pracy z rodzin\u0105;<\/p>\n\n\n\n<p>15)dokonywanie okresowej oceny sytuacji rodziny, nie rzadziej ni\u017c co p\u00f3\u0142 roku, i przekazywanie tej oceny podmiotowi, o kt\u00f3rym mowa w art. 17 zatrudnienie i stosunek pracy asystenta rodziny ust. 1;<\/p>\n\n\n\n<p>16)monitorowanie funkcjonowania rodziny po zako\u0144czeniu pracy z rodzin\u0105;<\/p>\n\n\n\n<p>17)sporz\u0105dzanie, na wniosek s\u0105du, opinii o rodzinie i jej cz\u0142onkach;<\/p>\n\n\n\n<p>18)wsp\u00f3\u0142praca z jednostkami administracji rz\u0105dowej i samorz\u0105dowej, w\u0142a\u015bciwymi organizacjami pozarz\u0105dowymi oraz innymi podmiotami i osobami specjalizuj\u0105cymi si\u0119 w dzia\u0142aniach na rzecz dziecka i rodziny;<\/p>\n\n\n\n<p>19)wsp\u00f3\u0142praca z zespo\u0142em interdyscyplinarnym lub grup\u0105 robocz\u0105, o kt\u00f3rych mowa w art. 9a zesp\u00f3\u0142 interdyscyplinarny ustawy z dnia 29 lipca 2005 r. o przeciwdzia\u0142aniu przemocy w rodzinie (Dz. U. z 2020 r. poz. 218), lub innymi podmiotami, kt\u00f3rych pomoc przy wykonywaniu zada\u0144 uzna za niezb\u0119dn\u0105.<\/p>\n\n\n\n<figure class=\"wp-block-image size-large\"><img loading=\"lazy\" width=\"1024\" height=\"671\" src=\"http:\/\/gops-lniano.pl\/wp-content\/uploads\/2022\/01\/rodzina-na-spacerze-1024x671.jpg\" alt=\"\" class=\"wp-image-584\" srcset=\"https:\/\/gops-lniano.pl\/wp-content\/uploads\/2022\/01\/rodzina-na-spacerze-1024x671.jpg 1024w, https:\/\/gops-lniano.pl\/wp-content\/uploads\/2022\/01\/rodzina-na-spacerze-300x196.jpg 300w, https:\/\/gops-lniano.pl\/wp-content\/uploads\/2022\/01\/rodzina-na-spacerze-768x503.jpg 768w, https:\/\/gops-lniano.pl\/wp-content\/uploads\/2022\/01\/rodzina-na-spacerze-230x150.jpg 230w, https:\/\/gops-lniano.pl\/wp-content\/uploads\/2022\/01\/rodzina-na-spacerze.jpg 1026w\" sizes=\"(max-width: 1024px) 100vw, 1024px\" \/><\/figure>\n","protected":false},"excerpt":{"rendered":"<p>Program asystent rodziny Asystent rodziny- wsparcie dla rodzin w kryzysie Zadaniem asystenta rodziny jest wspieranie rodziny, kt\u00f3ra nie potrafi samodzielnie pokonywa\u0107 trudno\u015bci \u017cyciowych, zw\u0142aszcza problem\u00f3w opieku\u0144czo \u2013 wychowawczych. Praca asystenta jest procesem d\u0142ugofalowym, zmierzaj\u0105cym do usamodzielnienia rodzin i prawid\u0142owego wype\u0142niania przez ni\u0105 funkcji opieku\u0144czo-wychowawczej. W sprawie ustalenia mo\u017cliwo\u015bci wspierania rodziny przez asystenta nale\u017cy kontaktowa\u0107 si\u0119 [&hellip;]<\/p>\n","protected":false},"author":1,"featured_media":0,"parent":0,"menu_order":0,"comment_status":"closed","ping_status":"closed","template":"","meta":{"ngg_post_thumbnail":0},"_links":{"self":[{"href":"https:\/\/gops-lniano.pl\/index.php\/wp-json\/wp\/v2\/pages\/583"}],"collection":[{"href":"https:\/\/gops-lniano.pl\/index.php\/wp-json\/wp\/v2\/pages"}],"about":[{"href":"https:\/\/gops-lniano.pl\/index.php\/wp-json\/wp\/v2\/types\/page"}],"author":[{"embeddable":true,"href":"https:\/\/gops-lniano.pl\/index.php\/wp-json\/wp\/v2\/users\/1"}],"replies":[{"embeddable":true,"href":"https:\/\/gops-lniano.pl\/index.php\/wp-json\/wp\/v2\/comments?post=583"}],"version-history":[{"count":1,"href":"https:\/\/gops-lniano.pl\/index.php\/wp-json\/wp\/v2\/pages\/583\/revisions"}],"predecessor-version":[{"id":585,"href":"https:\/\/gops-lniano.pl\/index.php\/wp-json\/wp\/v2\/pages\/583\/revisions\/585"}],"wp:attachment":[{"href":"https:\/\/gops-lniano.pl\/index.php\/wp-json\/wp\/v2\/media?parent=583"}],"curies":[{"name":"wp","href":"https:\/\/api.w.org\/{rel}","templated":true}]}}