{"id":62,"date":"2020-01-03T11:28:13","date_gmt":"2020-01-03T11:28:13","guid":{"rendered":"http:\/\/www.nowa.gops-lniano.pl\/test\/?page_id=62"},"modified":"2024-04-18T10:46:49","modified_gmt":"2024-04-18T09:46:49","slug":"pomoc-i-wsparcie","status":"publish","type":"page","link":"https:\/\/gops-lniano.pl\/index.php\/pomoc-i-wsparcie\/","title":{"rendered":"Pomoc i wsparcie"},"content":{"rendered":"\n<p><strong>Tu szukaj Pomocy i wsparcia:<\/strong><\/p>\n\n\n\n<p><strong>1.Gminny O\u015brodek Pomocy Spo\u0142ecznej<\/strong><\/p>\n\n\n\n<p>tel. 52 33 23 464-5 , 516 059 420<\/p>\n\n\n\n<p>ul. Wyzwolenia 9\/ 86-141 Lniano<\/p>\n\n\n\n<p>przy kt\u00f3rym dzia\u0142a Zesp\u00f3\u0142 Interdyscyplinarny<\/p>\n\n\n\n<p><strong>2. Posterunek Policji w Osiu<\/strong><\/p>\n\n\n\n<p>tel. 47 752 58 12<\/p>\n\n\n\n<p>ul. Dworcowa 11, 86-150 Osie<\/p>\n\n\n\n<p>Dzielnicowy asp. Dawid \u0141epek<\/p>\n\n\n\n<p>tel. 786 858 603, <strong>47 752 58 15<\/strong><\/p>\n\n\n\n<p>3.<strong> Szko\u0142a Podstawowa w Lnianie<\/strong><\/p>\n\n\n\n<p>tel. 523 208 695, 500 057 923<\/p>\n\n\n\n<p>ul. Szkolna 13, 86-141 Lniano<\/p>\n\n\n\n<p><strong>4.Prokuratura Rejonowa w \u015awieciu<\/strong><\/p>\n\n\n\n<p>tel.52 33 11 816<\/p>\n\n\n\n<p>ul. 10 Lutego&nbsp;9 86-100 \u015awiecie<\/p>\n\n\n\n<p><strong>5. S\u0105d Rejonowy w \u015awieciu<\/strong><\/p>\n\n\n\n<p>tel. 52 33 32 800<\/p>\n\n\n\n<p>ul.S\u0105dowa 12 , 86-100 \u015awiecie<\/p>\n\n\n\n<p><strong>6. Powiatowe Centrum Pomocy Rodzinie w \u015awieciu<\/strong><\/p>\n\n\n\n<p>tel. 52 56 83 200<\/p>\n\n\n\n<p>ul. Wojska Polskiego 195 A , 86-100 \u015awiecie<\/p>\n\n\n\n<p><strong>7.O\u015brodek Interwencji Kryzysowej<\/strong><\/p>\n\n\n\n<p>tel. 52 30 70 160<\/p>\n\n\n\n<p>ul. S\u0105dowa 18, 86-100 \u015awiecie<br>(teren Szpitala dla Nerwowo i Psychicznie Chorych)<\/p>\n\n\n\n<p><strong>8. Gminna Komisja ds. Rozwi\u0105zywania Problem\u00f3w Alkoholowych<\/strong><\/p>\n\n\n\n<p>tel. 52 33 23 762<\/p>\n\n\n\n<p>ul. Wyzwolenia 9\/ 86-141 Lniano<\/p>\n\n\n\n<p><strong>9. Gabinet Lekarza Rodzinnego<\/strong><\/p>\n\n\n\n<p>tel. 52 33 23 222<\/p>\n\n\n\n<p>ul. Wyzwolenia 20c, 86-141 Lniano<\/p>\n","protected":false},"excerpt":{"rendered":"<p>Tu szukaj Pomocy i wsparcia: 1.Gminny O\u015brodek Pomocy Spo\u0142ecznej tel. 52 33 23 464-5 , 516 059 420 ul. Wyzwolenia 9\/ 86-141 Lniano przy kt\u00f3rym dzia\u0142a Zesp\u00f3\u0142 Interdyscyplinarny 2. Posterunek Policji w Osiu tel. 47 752 58 12 ul. Dworcowa 11, 86-150 Osie Dzielnicowy asp. Dawid \u0141epek tel. 786 858 603, 47 752 58 15 [&hellip;]<\/p>\n","protected":false},"author":2,"featured_media":0,"parent":0,"menu_order":0,"comment_status":"closed","ping_status":"closed","template":"","meta":{"ngg_post_thumbnail":0},"_links":{"self":[{"href":"https:\/\/gops-lniano.pl\/index.php\/wp-json\/wp\/v2\/pages\/62"}],"collection":[{"href":"https:\/\/gops-lniano.pl\/index.php\/wp-json\/wp\/v2\/pages"}],"about":[{"href":"https:\/\/gops-lniano.pl\/index.php\/wp-json\/wp\/v2\/types\/page"}],"author":[{"embeddable":true,"href":"https:\/\/gops-lniano.pl\/index.php\/wp-json\/wp\/v2\/users\/2"}],"replies":[{"embeddable":true,"href":"https:\/\/gops-lniano.pl\/index.php\/wp-json\/wp\/v2\/comments?post=62"}],"version-history":[{"count":1,"href":"https:\/\/gops-lniano.pl\/index.php\/wp-json\/wp\/v2\/pages\/62\/revisions"}],"predecessor-version":[{"id":629,"href":"https:\/\/gops-lniano.pl\/index.php\/wp-json\/wp\/v2\/pages\/62\/revisions\/629"}],"wp:attachment":[{"href":"https:\/\/gops-lniano.pl\/index.php\/wp-json\/wp\/v2\/media?parent=62"}],"curies":[{"name":"wp","href":"https:\/\/api.w.org\/{rel}","templated":true}]}}