{"id":67,"date":"2020-01-03T11:28:13","date_gmt":"2020-01-03T11:28:13","guid":{"rendered":"http:\/\/www.nowa.gops-lniano.pl\/test\/?page_id=67"},"modified":"2020-01-03T11:28:13","modified_gmt":"2020-01-03T11:28:13","slug":"o-ceneza-godzine-wykonania-specjalistycznych-uslug-opiekunczych-na-rzecz-dziecka-chorego-na-autyzm","status":"publish","type":"page","link":"https:\/\/gops-lniano.pl\/index.php\/o-ceneza-godzine-wykonania-specjalistycznych-uslug-opiekunczych-na-rzecz-dziecka-chorego-na-autyzm\/","title":{"rendered":"O cen\u0119(za godzin\u0119) wykonania specjalistycznych us\u0142ug opieku\u0144czych na rzecz dziecka chorego na autyzm"},"content":{"rendered":"\n\t\t\t\t\n<p style=\"text-align:left\"> Gminny O\u015brodek Pomocy Spo\u0142ecznej    w Lnianie   ul. Wyzwolenia 9   86-141 Lniano       <strong>ZAPYTANIE OFERTOWE<\/strong>  Na podstawie art. 44 ust. 3 ustawy z dnia 27 sierpnia 2009 o finansach  publicznych (Dz. U. z 2013 r. poz. 885z p\u00f3\u017an. zm.) w  zw. art. 4 pkt 8  ustawy z dnia 29 stycznia 2004 r. Prawo zam\u00f3wie\u0144  publicznych (Dz. U. z  2013 r. poz. 907) Kierownik Gminnego O\u015brodka  Pomocy Spo\u0142ecznej w  Lnianie zwraca si\u0119 z zapytaniem ofertowym o cen\u0119 (za  godzin\u0119) wykonania  specjalistycznych us\u0142ug opieku\u0144czych na rzecz  dziecka chorego na  autyzm.<\/p>\n\n\n\n<p>1. Opis przedmiotu zam\u00f3wienia<\/p>\n\n\n\n<p>Przedmiotem  zam\u00f3wienia jest  \u015bwiadczenie wykonania specjalistycznych us\u0142ug  opieku\u0144czych na rzecz  dziecka chorego na autyzm w jego miejscu  zamieszkania-Lniano, w  wymiarze 9 spotka\u0144 po 2 godziny ka\u017cde.    <\/p>\n\n\n\n<p>Zgodnie  z Rozporz\u0105dzeniem  Ministra Pracy i Polityki Spo\u0142ecznej z dnia 6 lipca  2006 r.\u00a0  zmieniaj\u0105ce rozporz\u0105dzenie w sprawie specjalistycznych us\u0142ug   opieku\u0144czych ,, Osoba \u015bwiadcz\u0105ca specjalistyczne us\u0142ugi dla os\u00f3b z   zaburzeniami psychicznymi musi posiada\u0107 co najmniej p\u00f3\u0142roczny sta\u017c w   jednej z nast\u0119puj\u0105cych jednostek:<\/p>\n\n\n\n<p>   1. szpitalu psychiatrycznym;<br>   2. jednostce organizacyjnej pomocy spo\u0142ecznej dla os\u00f3b z zaburzeniami psychicznymi;<br>   3. plac\u00f3wce terapii lub plac\u00f3wce o\u015bwiatowej, do kt\u00f3rej ucz\u0119szczaj\u0105 dzieci z zaburzeniami rozwoju lub upo\u015bledzeniem umys\u0142owym;<br>   4. o\u015brodku terapeutyczno-edukacyjno-wychowawczym;<br>   5. zak\u0142adzie rehabilitacji;<br>   6.  innej jednostce ni\u017c wymienione w pkt 1-5, \u015bwiadcz\u0105cej  specjalistyczne  us\u0142ugi opieku\u0144cze dla os\u00f3b z zaburzeniami  psychicznymi\u201d. <br> <\/p>\n\n\n\n<p> Osoba  wybrana b\u0119dzie \u015bwiadczy\u0107 us\u0142ugi  specjalistyczne w miejscowo\u015bci Lniano, w  ilo\u015bci godzin ustalonych przez  zalecenia lekarskie, jednak nie mniej  ni\u017c 15 godzin miesi\u0119cznie.     <\/p>\n\n\n\n<p>Okres \u015bwiadczenia us\u0142ug nie kr\u00f3tszy ni\u017c 4 miesi\u0105ce (z mo\u017cliwo\u015bci\u0105  przed\u0142u\u017cenia w miar\u0119 posiadanych \u015brodk\u00f3w finansowych).    <\/p>\n\n\n\n<p>2. Inne  istotne warunki:    W cen\u0119 godziny (60 minut) nale\u017cy wliczy\u0107 koszty  dojazdu oraz niezb\u0119dnych materia\u0142\u00f3w koniecznych do prowadzenia zaj\u0119\u0107.     Prowadzenie zaj\u0119\u0107 rozpocznie si\u0119 nie wcze\u015bniej ni\u017c 1 stycznia 2014 r.         <\/p>\n\n\n\n<p>3. Kryterium wyboru stanowi cena.        <\/p>\n\n\n\n<p>4. Informacje dodatkowe:     \u2013 niniejsze zapytanie nie obliguje zamawiaj\u0105cego do zawarcia umowy;     \u2013 otwarcie ofert cenowych nie ma charakteru publicznego;    \u2013 po  wybraniu najkorzystniejszej oferty zamawiaj\u0105cy skontaktuje si\u0119 wy\u0142\u0105cznie  z wybranym oferentem.     <\/p>\n\n\n\n<p>5. Spos\u00f3b przygotowania rozeznania cenowego.     Ofert\u0119 cenow\u0105 nale\u017cy sporz\u0105dzi\u0107 na za\u0142\u0105czonym druku ,,za\u0142\u0105cznik do  oferty\u201d.   Oferta  sporz\u0105dzona powinna by\u0107 w j\u0119zyku polskim, w formie  pisemnej na papierze  lub w formie elektronicznej, powinna by\u0107 podpisana  przez osob\u0119  upowa\u017cnion\u0105.    <\/p>\n\n\n\n<p>W  przypadku sk\u0142adania oferty cenowej w  siedzibie zamawiaj\u0105cego lub  poczt\u0105, na kopercie nale\u017cy umie\u015bci\u0107 napis  \u201eSpecjalistyczne us\u0142ugi  opieku\u0144cze \u015bwiadczone nad dzieckiem  autystycznym\u201d.        <\/p>\n\n\n\n<p>6. Miejsce i termin z\u0142o\u017cenia oferty.    Ofert\u0119   z\u0142o\u017cy\u0107 mo\u017cna osobi\u015bcie u zamawiaj\u0105cego lub przes\u0142a\u0107 poczt\u0105 na adres \u2013   Gminny O\u015brodek Pomocy Spo\u0142ecznej w Lnianie, ul. Wyzwolenia 9. Ofert\u0119   mo\u017cna przes\u0142a\u0107 r\u00f3wnie\u017c poczt\u0105 elektroniczn\u0105 na adres:   <a href=\"mailto:gopslniano@interia.pl\">gopslniano@interia.pl<\/a>  lub faksem nr (52) 33 23 002 w.35.    <\/p>\n\n\n\n<p>Ofert\u0119 z\u0142o\u017cy\u0107 nale\u017cy do dnia 23  grudnia 2013r., do godz. 12.00.    Oferty z\u0142o\u017cone po tym terminie  zostan\u0105 odrzucone.         Lniano, 17.12.2013 r.<br><\/p>\n\n\n\n<p style=\"text-align:right\">  Kierownik Gminnego O\u015brodka Pomocy Spo\u0142ecznej<br>w Lnianie<br>Janusz Rutkowski<\/p>\n\n\n\n<p> <\/p>\n\n\n\n<div class=\"wp-block-file\"><a href=\"http:\/\/gops-lniano.pl\/wp-content\/uploads\/2020\/01\/oferta.docx\">oferta<\/a><a href=\"http:\/\/gops-lniano.pl\/wp-content\/uploads\/2020\/01\/oferta.docx\" class=\"wp-block-file__button\" download>Pobierz<\/a><\/div>\n\t\t","protected":false},"excerpt":{"rendered":"<p>Gminny O\u015brodek Pomocy Spo\u0142ecznej w Lnianie ul. Wyzwolenia 9 86-141 Lniano ZAPYTANIE OFERTOWE Na podstawie art. 44 ust. 3 ustawy z dnia 27 sierpnia 2009 o finansach publicznych (Dz. U. z 2013 r. poz. 885z p\u00f3\u017an. zm.) w zw. art. 4 pkt 8 ustawy z dnia 29 stycznia 2004 r. Prawo zam\u00f3wie\u0144 publicznych (Dz. U. [&hellip;]<\/p>\n","protected":false},"author":2,"featured_media":0,"parent":0,"menu_order":0,"comment_status":"closed","ping_status":"closed","template":"","meta":{"ngg_post_thumbnail":0},"_links":{"self":[{"href":"https:\/\/gops-lniano.pl\/index.php\/wp-json\/wp\/v2\/pages\/67"}],"collection":[{"href":"https:\/\/gops-lniano.pl\/index.php\/wp-json\/wp\/v2\/pages"}],"about":[{"href":"https:\/\/gops-lniano.pl\/index.php\/wp-json\/wp\/v2\/types\/page"}],"author":[{"embeddable":true,"href":"https:\/\/gops-lniano.pl\/index.php\/wp-json\/wp\/v2\/users\/2"}],"replies":[{"embeddable":true,"href":"https:\/\/gops-lniano.pl\/index.php\/wp-json\/wp\/v2\/comments?post=67"}],"version-history":[{"count":0,"href":"https:\/\/gops-lniano.pl\/index.php\/wp-json\/wp\/v2\/pages\/67\/revisions"}],"wp:attachment":[{"href":"https:\/\/gops-lniano.pl\/index.php\/wp-json\/wp\/v2\/media?parent=67"}],"curies":[{"name":"wp","href":"https:\/\/api.w.org\/{rel}","templated":true}]}}